{"id":2256,"date":"2025-04-25T07:48:54","date_gmt":"2025-04-25T07:48:54","guid":{"rendered":"https:\/\/ambarthai.com\/?page_id=2256"},"modified":"2025-04-25T08:14:11","modified_gmt":"2025-04-25T08:14:11","slug":"aviso-legal","status":"publish","type":"page","link":"https:\/\/ambarthai.com\/en\/aviso-legal\/","title":{"rendered":"Legal Notice"},"content":{"rendered":"<p><strong><u>AVISO LEGAL<\/u><\/strong><\/p>\n\n\n\n<p>En cumplimiento con el deber de informaci\u00f3n recogido en art\u00edculo 10 de la Ley 34\/2002, de 11 de julio, de Servicios de la Sociedad de la Informaci\u00f3n y del Comercio Electr\u00f3nico (LSSICE), el propietario de la web, le informa de lo siguiente:<\/p>\n\n\n\n<ul class=\"wp-block-list\">\n<li>Denominaci\u00f3n social: Ambar Thai Masagge<\/li>\n\n\n\n<li>NIF: B56265812<\/li>\n\n\n\n<li>Domicilio: Placa Del Bonsucces, 7 Entresuelo 3, 08001 &#8211; Barcelona (Barcelona)<\/li>\n<\/ul>\n\n\n\n<p>Con los l\u00edmites establecidos en la ley, Ambar Thai Masagge no asume ninguna responsabilidad derivada de la falta de veracidad, integridad, actualizaci\u00f3n y precisi\u00f3n de los datos o informaciones que contienen sus p\u00e1ginas web.<\/p>\n\n\n\n<p>Los contenidos e informaci\u00f3n no vinculan a Ambar Thai Masagge ni constituyen opiniones, consejos o asesoramiento legal de ning\u00fan tipo pues se trata meramente de un servicio ofrecido con car\u00e1cter informativo y divulgativo.<\/p>\n\n\n\n<p>Las p\u00e1ginas de Internet de Ambar Thai Masagge pueden contener enlaces (links) a otras p\u00e1ginas de terceras partes que Ambar Thai Masagge no puede controlar. Por lo tanto, Ambar Thai Masagge no puede asumir responsabilidades por el contenido que pueda aparecer en p\u00e1ginas de terceros.<\/p>\n\n\n\n<p>Los textos, im\u00e1genes, sonidos, animaciones, software y el resto de los contenidos incluidos en este website son propiedad exclusiva de Ambar Thai Masagge o sus licenciantes. Cualquier acto de transmisi\u00f3n, distribuci\u00f3n, cesi\u00f3n, reproducci\u00f3n, almacenamiento o comunicaci\u00f3n p\u00fablica total o parcial, deber\u00e1 contar con el consentimiento expreso de Ambar Thai Masagge.<\/p>\n\n\n\n<p>Asimismo, para acceder a algunos de los servicios que Ambar Thai Masagge ofrece a trav\u00e9s del sitio web, deber\u00e1 proporcionar algunos datos de car\u00e1cter personal. En cumplimiento de lo establecido en el Reglamento (UE) 2016\/679 del Parlamento Europeo y del Consejo, de 27 de abril de 2016, relativo a la protecci\u00f3n de las personas f\u00edsicas en lo que respecta al tratamiento de datos personales y a la libre circulaci\u00f3n de estos datos le informamos que, mediante la cumplimentaci\u00f3n de los presentes formularios, sus datos personales quedar\u00e1n incorporados y ser\u00e1n tratados en los ficheros de Ambar Thai Masagge con el fin de poderle prestar y ofrecer nuestros servicios as\u00ed como para informarle de las mejoras del sitio Web.<\/p>\n\n\n\n<p>Le informamos tambi\u00e9n de que tendr\u00e1 la posibilidad en todo momento de ejercer los derechos de acceso, rectificaci\u00f3n, cancelaci\u00f3n, oposici\u00f3n, limitaci\u00f3n y portabilidad de sus datos de car\u00e1cter personal, de manera gratuita mediante email a: ambarthaimassages@gmail.com o en la direcci\u00f3n: Placa Del Bonsucces, 7 Entresuelo 3, 08001 &#8211; Barcelona (Barcelona).<\/p>\n\n\n\n<hr class=\"wp-block-separator has-alpha-channel-opacity\"\/>\n\n\n\n<p><a id=\"_msocom_1\"><\/a><\/p>\n\n\n\n<p><\/p>","protected":false},"excerpt":{"rendered":"<p>AVISO LEGAL En cumplimiento con el deber de informaci\u00f3n recogido en art\u00edculo 10 de la Ley 34\/2002, de 11 de julio, de Servicios de la Sociedad de la Informaci\u00f3n y del Comercio Electr\u00f3nico (LSSICE), el propietario de la web, le informa de lo siguiente: Con los l\u00edmites establecidos en la ley, Ambar Thai Masagge no [&hellip;]<\/p>\n","protected":false},"author":1,"featured_media":0,"parent":0,"menu_order":0,"comment_status":"closed","ping_status":"closed","template":"","meta":{"site-sidebar-layout":"default","site-content-layout":"","ast-site-content-layout":"default","site-content-style":"default","site-sidebar-style":"default","ast-global-header-display":"","ast-banner-title-visibility":"","ast-main-header-display":"","ast-hfb-above-header-display":"","ast-hfb-below-header-display":"","ast-hfb-mobile-header-display":"","site-post-title":"","ast-breadcrumbs-content":"","ast-featured-img":"","footer-sml-layout":"","ast-disable-related-posts":"","theme-transparent-header-meta":"","adv-header-id-meta":"","stick-header-meta":"","header-above-stick-meta":"","header-main-stick-meta":"","header-below-stick-meta":"","astra-migrate-meta-layouts":"set","ast-page-background-enabled":"default","ast-page-background-meta":{"desktop":{"background-color":"var(--ast-global-color-4)","background-image":"","background-repeat":"repeat","background-position":"center center","background-size":"auto","background-attachment":"scroll","background-type":"","background-media":"","overlay-type":"","overlay-color":"","overlay-opacity":"","overlay-gradient":""},"tablet":{"background-color":"","background-image":"","background-repeat":"repeat","background-position":"center center","background-size":"auto","background-attachment":"scroll","background-type":"","background-media":"","overlay-type":"","overlay-color":"","overlay-opacity":"","overlay-gradient":""},"mobile":{"background-color":"","background-image":"","background-repeat":"repeat","background-position":"center center","background-size":"auto","background-attachment":"scroll","background-type":"","background-media":"","overlay-type":"","overlay-color":"","overlay-opacity":"","overlay-gradient":""}},"ast-content-background-meta":{"desktop":{"background-color":"var(--ast-global-color-5)","background-image":"","background-repeat":"repeat","background-position":"center center","background-size":"auto","background-attachment":"scroll","background-type":"","background-media":"","overlay-type":"","overlay-color":"","overlay-opacity":"","overlay-gradient":""},"tablet":{"background-color":"var(--ast-global-color-5)","background-image":"","background-repeat":"repeat","background-position":"center center","background-size":"auto","background-attachment":"scroll","background-type":"","background-media":"","overlay-type":"","overlay-color":"","overlay-opacity":"","overlay-gradient":""},"mobile":{"background-color":"var(--ast-global-color-5)","background-image":"","background-repeat":"repeat","background-position":"center center","background-size":"auto","background-attachment":"scroll","background-type":"","background-media":"","overlay-type":"","overlay-color":"","overlay-opacity":"","overlay-gradient":""}},"footnotes":""},"class_list":["post-2256","page","type-page","status-publish","hentry"],"yoast_head":"<!-- This site is optimized with the Yoast SEO plugin v27.4 - https:\/\/yoast.com\/product\/yoast-seo-wordpress\/ -->\n<title>Aviso Legal - Ambar Thai Massage<\/title>\n<meta name=\"robots\" content=\"index, follow, max-snippet:-1, max-image-preview:large, max-video-preview:-1\" \/>\n<link rel=\"canonical\" href=\"https:\/\/ambarthai.com\/en\/aviso-legal\/\" \/>\n<meta property=\"og:locale\" content=\"en_US\" \/>\n<meta property=\"og:type\" content=\"article\" \/>\n<meta property=\"og:title\" content=\"Aviso Legal - Ambar Thai Massage\" \/>\n<meta property=\"og:description\" content=\"AVISO LEGAL En cumplimiento con el deber de informaci\u00f3n recogido en art\u00edculo 10 de la Ley 34\/2002, de 11 de julio, de Servicios de la Sociedad de la Informaci\u00f3n y del Comercio Electr\u00f3nico (LSSICE), el propietario de la web, le informa de lo siguiente: Con los l\u00edmites establecidos en la ley, Ambar Thai Masagge no [&hellip;]\" \/>\n<meta property=\"og:url\" content=\"https:\/\/ambarthai.com\/en\/aviso-legal\/\" \/>\n<meta property=\"og:site_name\" content=\"Ambar Thai Massage\" \/>\n<meta property=\"article:publisher\" content=\"https:\/\/www.facebook.com\/people\/mbar-Thai-Massage\/61550630713510\/?paipv=0&amp;eav=AfZsTqChaMXvA0MsnKmqehdkr31DQCnYU08hp_zY7ISmqxjDXV_zjlf50OoE_nP73ao&amp;_rdr\" \/>\n<meta property=\"article:modified_time\" content=\"2025-04-25T08:14:11+00:00\" \/>\n<meta property=\"og:image\" content=\"https:\/\/ambarthai.com\/wp-content\/uploads\/2024\/03\/20-3850063.webp\" \/>\n\t<meta property=\"og:image:width\" content=\"1920\" \/>\n\t<meta property=\"og:image:height\" content=\"1080\" \/>\n\t<meta property=\"og:image:type\" content=\"image\/webp\" \/>\n<meta name=\"twitter:card\" content=\"summary_large_image\" \/>\n<meta name=\"twitter:label1\" content=\"Est. reading time\" \/>\n\t<meta name=\"twitter:data1\" content=\"2 minutes\" \/>\n<script type=\"application\/ld+json\" class=\"yoast-schema-graph\">{\"@context\":\"https:\\\/\\\/schema.org\",\"@graph\":[{\"@type\":\"WebPage\",\"@id\":\"https:\\\/\\\/ambarthai.com\\\/aviso-legal\\\/\",\"url\":\"https:\\\/\\\/ambarthai.com\\\/aviso-legal\\\/\",\"name\":\"Aviso Legal - Ambar Thai Massage\",\"isPartOf\":{\"@id\":\"https:\\\/\\\/ambarthai.com\\\/#website\"},\"datePublished\":\"2025-04-25T07:48:54+00:00\",\"dateModified\":\"2025-04-25T08:14:11+00:00\",\"breadcrumb\":{\"@id\":\"https:\\\/\\\/ambarthai.com\\\/aviso-legal\\\/#breadcrumb\"},\"inLanguage\":\"en-US\",\"potentialAction\":[{\"@type\":\"ReadAction\",\"target\":[\"https:\\\/\\\/ambarthai.com\\\/aviso-legal\\\/\"]}]},{\"@type\":\"BreadcrumbList\",\"@id\":\"https:\\\/\\\/ambarthai.com\\\/aviso-legal\\\/#breadcrumb\",\"itemListElement\":[{\"@type\":\"ListItem\",\"position\":1,\"name\":\"Home\",\"item\":\"https:\\\/\\\/ambarthai.com\\\/\"},{\"@type\":\"ListItem\",\"position\":2,\"name\":\"Aviso Legal\"}]},{\"@type\":\"WebSite\",\"@id\":\"https:\\\/\\\/ambarthai.com\\\/#website\",\"url\":\"https:\\\/\\\/ambarthai.com\\\/\",\"name\":\"Ambar Thai Massage\",\"description\":\"Sitio web oficial de Ambar Thai Massage. Tu centro de masajes y spa, ubicado en el coraz&oacute;n de Barcelona, Espa&ntilde;a.\",\"publisher\":{\"@id\":\"https:\\\/\\\/ambarthai.com\\\/#organization\"},\"alternateName\":\"Ambar Thai\",\"potentialAction\":[{\"@type\":\"SearchAction\",\"target\":{\"@type\":\"EntryPoint\",\"urlTemplate\":\"https:\\\/\\\/ambarthai.com\\\/?s={search_term_string}\"},\"query-input\":{\"@type\":\"PropertyValueSpecification\",\"valueRequired\":true,\"valueName\":\"search_term_string\"}}],\"inLanguage\":\"en-US\"},{\"@type\":\"Organization\",\"@id\":\"https:\\\/\\\/ambarthai.com\\\/#organization\",\"name\":\"Ambar Thai Massage\",\"url\":\"https:\\\/\\\/ambarthai.com\\\/\",\"logo\":{\"@type\":\"ImageObject\",\"inLanguage\":\"en-US\",\"@id\":\"https:\\\/\\\/ambarthai.com\\\/#\\\/schema\\\/logo\\\/image\\\/\",\"url\":\"https:\\\/\\\/ambarthai.com\\\/wp-content\\\/uploads\\\/2024\\\/03\\\/logo_ambar-3948264.webp\",\"contentUrl\":\"https:\\\/\\\/ambarthai.com\\\/wp-content\\\/uploads\\\/2024\\\/03\\\/logo_ambar-3948264.webp\",\"width\":422,\"height\":840,\"caption\":\"Ambar Thai Massage\"},\"image\":{\"@id\":\"https:\\\/\\\/ambarthai.com\\\/#\\\/schema\\\/logo\\\/image\\\/\"},\"sameAs\":[\"https:\\\/\\\/www.facebook.com\\\/people\\\/mbar-Thai-Massage\\\/61550630713510\\\/?paipv=0&eav=AfZsTqChaMXvA0MsnKmqehdkr31DQCnYU08hp_zY7ISmqxjDXV_zjlf50OoE_nP73ao&_rdr\",\"https:\\\/\\\/www.instagram.com\\\/ambarthaimassages\\\/\"]}]}<\/script>\n<!-- \/ Yoast SEO plugin. -->","yoast_head_json":{"title":"Aviso Legal - Ambar Thai Massage","robots":{"index":"index","follow":"follow","max-snippet":"max-snippet:-1","max-image-preview":"max-image-preview:large","max-video-preview":"max-video-preview:-1"},"canonical":"https:\/\/ambarthai.com\/en\/aviso-legal\/","og_locale":"en_US","og_type":"article","og_title":"Aviso Legal - Ambar Thai Massage","og_description":"AVISO LEGAL En cumplimiento con el deber de informaci\u00f3n recogido en art\u00edculo 10 de la Ley 34\/2002, de 11 de julio, de Servicios de la Sociedad de la Informaci\u00f3n y del Comercio Electr\u00f3nico (LSSICE), el propietario de la web, le informa de lo siguiente: Con los l\u00edmites establecidos en la ley, Ambar Thai Masagge no [&hellip;]","og_url":"https:\/\/ambarthai.com\/en\/aviso-legal\/","og_site_name":"Ambar Thai Massage","article_publisher":"https:\/\/www.facebook.com\/people\/mbar-Thai-Massage\/61550630713510\/?paipv=0&eav=AfZsTqChaMXvA0MsnKmqehdkr31DQCnYU08hp_zY7ISmqxjDXV_zjlf50OoE_nP73ao&_rdr","article_modified_time":"2025-04-25T08:14:11+00:00","og_image":[{"width":1920,"height":1080,"url":"https:\/\/ambarthai.com\/wp-content\/uploads\/2024\/03\/20-3850063.webp","type":"image\/webp"}],"twitter_card":"summary_large_image","twitter_misc":{"Est. reading time":"2 minutes"},"schema":{"@context":"https:\/\/schema.org","@graph":[{"@type":"WebPage","@id":"https:\/\/ambarthai.com\/aviso-legal\/","url":"https:\/\/ambarthai.com\/aviso-legal\/","name":"Aviso Legal - Ambar Thai Massage","isPartOf":{"@id":"https:\/\/ambarthai.com\/#website"},"datePublished":"2025-04-25T07:48:54+00:00","dateModified":"2025-04-25T08:14:11+00:00","breadcrumb":{"@id":"https:\/\/ambarthai.com\/aviso-legal\/#breadcrumb"},"inLanguage":"en-US","potentialAction":[{"@type":"ReadAction","target":["https:\/\/ambarthai.com\/aviso-legal\/"]}]},{"@type":"BreadcrumbList","@id":"https:\/\/ambarthai.com\/aviso-legal\/#breadcrumb","itemListElement":[{"@type":"ListItem","position":1,"name":"Home","item":"https:\/\/ambarthai.com\/"},{"@type":"ListItem","position":2,"name":"Aviso Legal"}]},{"@type":"WebSite","@id":"https:\/\/ambarthai.com\/#website","url":"https:\/\/ambarthai.com\/","name":"Ambar Thai Massage","description":"Sitio web oficial de Ambar Thai Massage. Tu centro de masajes y spa, ubicado en el coraz&oacute;n de Barcelona, Espa&ntilde;a.","publisher":{"@id":"https:\/\/ambarthai.com\/#organization"},"alternateName":"Ambar Thai","potentialAction":[{"@type":"SearchAction","target":{"@type":"EntryPoint","urlTemplate":"https:\/\/ambarthai.com\/?s={search_term_string}"},"query-input":{"@type":"PropertyValueSpecification","valueRequired":true,"valueName":"search_term_string"}}],"inLanguage":"en-US"},{"@type":"Organization","@id":"https:\/\/ambarthai.com\/#organization","name":"Ambar Thai Massage","url":"https:\/\/ambarthai.com\/","logo":{"@type":"ImageObject","inLanguage":"en-US","@id":"https:\/\/ambarthai.com\/#\/schema\/logo\/image\/","url":"https:\/\/ambarthai.com\/wp-content\/uploads\/2024\/03\/logo_ambar-3948264.webp","contentUrl":"https:\/\/ambarthai.com\/wp-content\/uploads\/2024\/03\/logo_ambar-3948264.webp","width":422,"height":840,"caption":"Ambar Thai Massage"},"image":{"@id":"https:\/\/ambarthai.com\/#\/schema\/logo\/image\/"},"sameAs":["https:\/\/www.facebook.com\/people\/mbar-Thai-Massage\/61550630713510\/?paipv=0&eav=AfZsTqChaMXvA0MsnKmqehdkr31DQCnYU08hp_zY7ISmqxjDXV_zjlf50OoE_nP73ao&_rdr","https:\/\/www.instagram.com\/ambarthaimassages\/"]}]}},"_links":{"self":[{"href":"https:\/\/ambarthai.com\/en\/wp-json\/wp\/v2\/pages\/2256","targetHints":{"allow":["GET"]}}],"collection":[{"href":"https:\/\/ambarthai.com\/en\/wp-json\/wp\/v2\/pages"}],"about":[{"href":"https:\/\/ambarthai.com\/en\/wp-json\/wp\/v2\/types\/page"}],"author":[{"embeddable":true,"href":"https:\/\/ambarthai.com\/en\/wp-json\/wp\/v2\/users\/1"}],"replies":[{"embeddable":true,"href":"https:\/\/ambarthai.com\/en\/wp-json\/wp\/v2\/comments?post=2256"}],"version-history":[{"count":2,"href":"https:\/\/ambarthai.com\/en\/wp-json\/wp\/v2\/pages\/2256\/revisions"}],"predecessor-version":[{"id":2260,"href":"https:\/\/ambarthai.com\/en\/wp-json\/wp\/v2\/pages\/2256\/revisions\/2260"}],"wp:attachment":[{"href":"https:\/\/ambarthai.com\/en\/wp-json\/wp\/v2\/media?parent=2256"}],"curies":[{"name":"wp","href":"https:\/\/api.w.org\/{rel}","templated":true}]}}